{"id":58,"date":"2025-09-24T17:30:27","date_gmt":"2025-09-24T17:30:27","guid":{"rendered":"https:\/\/observatorio.fundacionpiensa.cl\/?page_id=58"},"modified":"2026-03-05T19:52:29","modified_gmt":"2026-03-05T19:52:29","slug":"observatorio-regional","status":"publish","type":"page","link":"https:\/\/observatorio.fundacionpiensa.cl\/","title":{"rendered":"Observatorio Regional"},"content":{"rendered":"\n<div class=\"wp-block-uagb-container uagb-block-815452ba alignfull uagb-is-root-container\"><div class=\"uagb-container-inner-blocks-wrap\">\n<div class=\"wp-block-uagb-info-box uagb-block-1a3808d6 uagb-infobox__content-wrap  uagb-infobox-icon-above-title uagb-infobox-image-valign-top wp-block-uagb-info-box--has-margin\"><div class=\"uagb-infobox-margin-wrapper\"><div class=\"uagb-ifb-content\"><div class=\"uagb-ifb-title-wrap\"><h1 class=\"uagb-ifb-title\">Reunimos, sistematizamos y analizamos datos p\u00fablicos para <strong><em>facilitar su acceso, comprensi\u00f3n y uso<\/em>,<\/strong> promoviendo la toma de decisiones basada en evidencia<\/h1><\/div><p class=\"uagb-ifb-desc\">El Observatorio Regional es una <strong>iniciativa de Fundaci\u00f3n P!ensa<\/strong> con el objetivo de <strong>democratizar el acceso a informaci\u00f3n<\/strong> actualizada y confiable.<br><br>De esta manera, <strong>impulsamos la descentralizaci\u00f3n<\/strong> y promovemos la toma de decisiones m\u00e1s informada, <strong>desde los territorios<\/strong> y la realidad que estos enfrentan.<br>      <\/p><\/div><\/div><\/div>\n\n\n\n<div class=\"wp-block-uagb-image uagb-block-fe014425 wp-block-uagb-image--layout-default wp-block-uagb-image--effect-static wp-block-uagb-image--align-none\"><figure class=\"wp-block-uagb-image__figure\"><img decoding=\"async\" srcset=\"https:\/\/observatorio.fundacionpiensa.cl\/wp-content\/uploads\/2025\/09\/quienes-somos-mapa-nuevoi-01-01.svg ,https:\/\/observatorio.fundacionpiensa.cl\/wp-content\/uploads\/2025\/09\/quienes-somos-mapa-nuevoi-01-01.svg 780w, https:\/\/observatorio.fundacionpiensa.cl\/wp-content\/uploads\/2025\/09\/quienes-somos-mapa-nuevoi-01-01.svg 360w\" sizes=\"auto, (max-width: 480px) 150px\" src=\"https:\/\/observatorio.fundacionpiensa.cl\/wp-content\/uploads\/2025\/09\/quienes-somos-mapa-nuevoi-01-01.svg\" alt=\"\" class=\"uag-image-74\" width=\"740\" height=\"690\" title=\"quienes-somos-mapa-nuevoi-01-01\" loading=\"lazy\" role=\"img\"\/><\/figure><\/div>\n<\/div><\/div>\n\n\n\n<div class=\"wp-block-uagb-container uagb-block-692250b7 alignfull uagb-is-root-container\"><div class=\"uagb-container-inner-blocks-wrap\">\n<div class=\"wp-block-uagb-container uagb-block-35a54b57\">\n<div class=\"wp-block-uagb-image uagb-block-a2f310be wp-block-uagb-image--layout-default wp-block-uagb-image--effect-static wp-block-uagb-image--align-none\"><figure class=\"wp-block-uagb-image__figure\"><img decoding=\"async\" srcset=\"https:\/\/observatorio.fundacionpiensa.cl\/wp-content\/uploads\/2025\/09\/quienes-somos-mapa-nuevoi-01-02.svg ,https:\/\/observatorio.fundacionpiensa.cl\/wp-content\/uploads\/2025\/09\/quienes-somos-mapa-nuevoi-01-02.svg 780w, https:\/\/observatorio.fundacionpiensa.cl\/wp-content\/uploads\/2025\/09\/quienes-somos-mapa-nuevoi-01-02.svg 360w\" sizes=\"auto, (max-width: 480px) 150px\" src=\"https:\/\/observatorio.fundacionpiensa.cl\/wp-content\/uploads\/2025\/09\/quienes-somos-mapa-nuevoi-01-02.svg\" alt=\"\" class=\"uag-image-86\" width=\"210\" height=\"197\" title=\"quienes-somos-mapa-nuevoi-01-02\" loading=\"lazy\" role=\"img\"\/><\/figure><\/div>\n\n\n\n<div class=\"wp-block-uagb-counter uagb-block-da435a80 wp-block-uagb-counter--number\"><div class=\"wp-block-uagb-counter__number\"><span class=\"uagb-counter-block-number\" data-duration=\"1\" data-to-value=\"37.5\" data-from-value=\"0\" data-delimiter=\".\"><\/span><span class=\"uagb-counter-block-suffix\">%<\/span><\/div><div class=\"wp-block-uagb-counter__title\">de estudiantes con nivel insuficiente en matem\u00e1tica en la regi\u00f3n<\/div><\/div>\n<\/div>\n\n\n\n<div class=\"wp-block-uagb-container uagb-block-0db58170\">\n<div class=\"wp-block-uagb-image uagb-block-2d8d1bf3 wp-block-uagb-image--layout-default wp-block-uagb-image--effect-static wp-block-uagb-image--align-none\"><figure class=\"wp-block-uagb-image__figure\"><img decoding=\"async\" srcset=\"https:\/\/observatorio.fundacionpiensa.cl\/wp-content\/uploads\/2025\/09\/quienes-somos-mapa-nuevoi-01-03.svg ,https:\/\/observatorio.fundacionpiensa.cl\/wp-content\/uploads\/2025\/09\/quienes-somos-mapa-nuevoi-01-03.svg 780w, https:\/\/observatorio.fundacionpiensa.cl\/wp-content\/uploads\/2025\/09\/quienes-somos-mapa-nuevoi-01-03.svg 360w\" sizes=\"auto, (max-width: 480px) 150px\" src=\"https:\/\/observatorio.fundacionpiensa.cl\/wp-content\/uploads\/2025\/09\/quienes-somos-mapa-nuevoi-01-03.svg\" alt=\"\" class=\"uag-image-87\" width=\"210\" height=\"197\" title=\"quienes-somos-mapa-nuevoi-01-03\" loading=\"lazy\" role=\"img\"\/><\/figure><\/div>\n\n\n\n<div class=\"wp-block-uagb-counter uagb-block-71995a22 wp-block-uagb-counter--number\"><div class=\"wp-block-uagb-counter__number\"><span class=\"uagb-counter-block-number\" data-duration=\"2.2\" data-to-value=\"2134\" data-from-value=\"0\" data-delimiter=\".\"><\/span><\/div><div class=\"wp-block-uagb-counter__title\">pacientes de c\u00e1ncer en lista de espera (Ges) en la regi\u00f3n<\/div><\/div>\n<\/div>\n\n\n\n<div class=\"wp-block-uagb-container uagb-block-c29a1124\">\n<div class=\"wp-block-uagb-image uagb-block-ec0195a9 wp-block-uagb-image--layout-default wp-block-uagb-image--effect-static wp-block-uagb-image--align-none\"><figure class=\"wp-block-uagb-image__figure\"><img decoding=\"async\" srcset=\"https:\/\/observatorio.fundacionpiensa.cl\/wp-content\/uploads\/2025\/09\/quienes-somos-mapa-nuevoi-01-04.svg ,https:\/\/observatorio.fundacionpiensa.cl\/wp-content\/uploads\/2025\/09\/quienes-somos-mapa-nuevoi-01-04.svg 780w, https:\/\/observatorio.fundacionpiensa.cl\/wp-content\/uploads\/2025\/09\/quienes-somos-mapa-nuevoi-01-04.svg 360w\" sizes=\"auto, (max-width: 480px) 150px\" src=\"https:\/\/observatorio.fundacionpiensa.cl\/wp-content\/uploads\/2025\/09\/quienes-somos-mapa-nuevoi-01-04.svg\" alt=\"\" class=\"uag-image-88\" width=\"210\" height=\"197\" title=\"quienes-somos-mapa-nuevoi-01-04\" loading=\"lazy\" role=\"img\"\/><\/figure><\/div>\n\n\n\n<div class=\"wp-block-uagb-counter uagb-block-26b21bf4 wp-block-uagb-counter--number\"><div class=\"wp-block-uagb-counter__number\"><span class=\"uagb-counter-block-number\" data-duration=\"1.6\" data-to-value=\"134\" data-from-value=\"0\" data-delimiter=\".\"><\/span><\/div><div class=\"wp-block-uagb-counter__title\">homicidios en la regi\u00f3n en el \u00faltimo a\u00f1o<\/div><\/div>\n<\/div>\n<\/div><\/div>\n\n\n\n<div class=\"wp-block-uagb-container uagb-block-a24813e5 alignfull uagb-is-root-container\"><div class=\"uagb-container-inner-blocks-wrap\">\n<div class=\"wp-block-uagb-container uagb-block-e8c7f090\">\n<div class=\"wp-block-uagb-info-box uagb-block-e7d0641d uagb-infobox__content-wrap  uagb-infobox-icon-above-title uagb-infobox-image-valign-top\"><div class=\"uagb-ifb-content\"><div class=\"uagb-ifb-title-wrap\"><h3 class=\"uagb-ifb-title\">Explora el Observatorio<\/h3><\/div><p class=\"uagb-ifb-desc\">Esta plataforma web contiene <strong>gr\u00e1ficos interactivos<\/strong>: puedes pasar el cursor sobre ellos y seleccionar la informaci\u00f3n que desees visualizar.<br><br>Aqu\u00ed encontrar\u00e1s datos del pa\u00eds, de <strong>todas las regiones y de las comunas de la Regi\u00f3n de Valpara\u00edso<\/strong>, organizados para que puedas acceder de forma r\u00e1pida y sencilla.<\/p><\/div><\/div>\n<\/div>\n\n\n\n<div class=\"wp-block-uagb-container uagb-block-af37f52b\">\n<figure class=\"wp-block-video\"><video height=\"1080\" style=\"aspect-ratio: 1920 \/ 1080;\" width=\"1920\" controls src=\"https:\/\/observatorio.fundacionpiensa.cl\/wp-content\/uploads\/2025\/09\/Untitled-design-2.mp4\"><\/video><\/figure>\n<\/div>\n<\/div><\/div>\n\n\n\n<div class=\"wp-block-uagb-container uagb-block-17be8a55 alignfull uagb-is-root-container\"><div class=\"uagb-container-inner-blocks-wrap\">\n<div class=\"wp-block-uagb-slider uagb-block-1d8b8d9b uagb-slider-container\"><div class=\"uagb-slides uagb-swiper\"><div class=\"swiper-wrapper\">\n<div class=\"wp-block-uagb-slider-child uagb-slider-child-wrap swiper-slide uagb-block-a40a1c77\"><div class=\"swiper-content\">\n<div class=\"wp-block-uagb-container uagb-block-4d4712df alignfull uagb-is-root-container\"><div class=\"uagb-container-inner-blocks-wrap\">\n<div class=\"wp-block-group is-nowrap is-layout-flex wp-container-core-group-is-layout-6c531013 wp-block-group-is-layout-flex\">\n<div class=\"wp-block-uagb-image aligncenter uagb-block-c40552e9 wp-block-uagb-image--layout-default wp-block-uagb-image--effect-static wp-block-uagb-image--align-center\"><figure class=\"wp-block-uagb-image__figure\"><img decoding=\"async\" srcset=\"https:\/\/observatorio.fundacionpiensa.cl\/wp-content\/uploads\/2025\/09\/plantilla-observatorio-regional-v10-2_page-0001-791x1024.jpg ,https:\/\/observatorio.fundacionpiensa.cl\/wp-content\/uploads\/2025\/09\/plantilla-observatorio-regional-v10-2_page-0001.jpg 780w, https:\/\/observatorio.fundacionpiensa.cl\/wp-content\/uploads\/2025\/09\/plantilla-observatorio-regional-v10-2_page-0001.jpg 360w\" sizes=\"auto, (max-width: 480px) 150px\" src=\"https:\/\/observatorio.fundacionpiensa.cl\/wp-content\/uploads\/2025\/09\/plantilla-observatorio-regional-v10-2_page-0001-791x1024.jpg\" alt=\"\" class=\"uag-image-102\" width=\"791\" height=\"1024\" title=\"plantilla observatorio regional v10 (2)_page-0001\" loading=\"lazy\" role=\"img\"\/><\/figure><\/div>\n\n\n\n<div class=\"wp-block-uagb-info-box uagb-block-f67f4549 uagb-infobox__content-wrap  uagb-infobox-icon-above-title uagb-infobox-image-valign-top\"><div class=\"uagb-ifb-content\"><div class=\"uagb-ifb-title-wrap\"><h3 class=\"uagb-ifb-title\">Bolet\u00edn N\u00ba 1<\/h3><\/div><p class=\"uagb-ifb-desc\">Este bolet\u00edn analiza los resultados del <strong>SIMCE para 4\u00b0 B\u00e1sico<\/strong> y su evoluci\u00f3n en la \u00faltima d\u00e9cada. <br><br>La <strong>Regi\u00f3n de Valpara\u00edso sigue bajo el promedio nacional<\/strong> en lectura y matem\u00e1tica, pero ha logrado una importante <strong>recuperaci\u00f3n despu\u00e9s de la pandemia<\/strong>.<br><br>Persiste una alta proporci\u00f3n de <strong>estudiantes sin competencias adecuadas<\/strong>: 1 de cada 2 en lectura y 3 de cada 4 en matem\u00e1tica.<\/p><div class=\"uagb-ifb-button-wrapper wp-block-button\"><a href=\"#\" class=\"uagb-infobox-cta-link wp-block-button__link\" target=\"_self\" rel=\"noopener noreferrer\" onclick=\"return false;\"><span class=\"uagb-inline-editing\">Descargar Bolet\u00edn<\/span><\/a><\/div><\/div><\/div>\n<\/div>\n<\/div><\/div>\n<\/div><\/div>\n\n\n\n<div class=\"wp-block-uagb-slider-child uagb-slider-child-wrap swiper-slide uagb-block-71dad0ae\"><div class=\"swiper-content\">\n<div class=\"wp-block-uagb-container uagb-block-440afaeb default uagb-is-root-container\">\n<div class=\"wp-block-group is-nowrap is-layout-flex wp-container-core-group-is-layout-6c531013 wp-block-group-is-layout-flex\">\n<div class=\"wp-block-uagb-image aligncenter uagb-block-b1ba0484 wp-block-uagb-image--layout-default wp-block-uagb-image--effect-static wp-block-uagb-image--align-center\"><figure class=\"wp-block-uagb-image__figure\"><img decoding=\"async\" srcset=\"https:\/\/observatorio.fundacionpiensa.cl\/wp-content\/uploads\/2025\/09\/plantilla-observatorio-regional-aeguridad.jpg ,https:\/\/observatorio.fundacionpiensa.cl\/wp-content\/uploads\/2025\/09\/plantilla-observatorio-regional-aeguridad.jpg 780w, https:\/\/observatorio.fundacionpiensa.cl\/wp-content\/uploads\/2025\/09\/plantilla-observatorio-regional-aeguridad.jpg 360w\" sizes=\"auto, (max-width: 480px) 150px\" src=\"https:\/\/observatorio.fundacionpiensa.cl\/wp-content\/uploads\/2025\/09\/plantilla-observatorio-regional-aeguridad.jpg\" alt=\"\" class=\"uag-image-105\" width=\"791\" height=\"1024\" title=\"plantilla observatorio regional aeguridad\" loading=\"lazy\" role=\"img\"\/><\/figure><\/div>\n\n\n\n<div class=\"wp-block-uagb-container uagb-block-04984584\">\n<div class=\"wp-block-uagb-info-box uagb-block-36900fb8 uagb-infobox__content-wrap  uagb-infobox-icon-above-title uagb-infobox-image-valign-top\"><div class=\"uagb-ifb-content\"><div class=\"uagb-ifb-title-wrap\"><h3 class=\"uagb-ifb-title\">Bolet\u00edn N\u00ba 2<\/h3><\/div><p class=\"uagb-ifb-desc\">Revisa nuestro pr\u00f3ximo <strong>Bolet\u00edn de Seguridad <\/strong>este 23 de Octubre.<\/p><div class=\"uagb-ifb-button-wrapper wp-block-button\"><a href=\"#\" class=\"uagb-infobox-cta-link wp-block-button__link\" target=\"_self\" rel=\"noopener noreferrer\" onclick=\"return false;\"><span class=\"uagb-inline-editing\">Descubre m\u00e1s<\/span><\/a><\/div><\/div><\/div>\n\n\n\n<div class=\"wp-block-uagb-countdown uagb-block-7840debc\"><div class=\"wp-block-uagb-countdown__box wp-block-uagb-countdown__box-days\"><div role=\"timer\" aria-live=\"off\" class=\"wp-block-uagb-countdown__time wp-block-uagb-countdown__time-days\">&#8211;<\/div><div class=\"wp-block-uagb-countdown__label\">D\u00cdAS<\/div><\/div><div class=\"wp-block-uagb-countdown__box wp-block-uagb-countdown__box-hours\"><div role=\"timer\" aria-live=\"off\" class=\"wp-block-uagb-countdown__time wp-block-uagb-countdown__time-hours\">&#8211;<\/div><div class=\"wp-block-uagb-countdown__label\">HORAS<\/div><\/div><div class=\"wp-block-uagb-countdown__box wp-block-uagb-countdown__box-minutes\"><div role=\"timer\" aria-live=\"off\" class=\"wp-block-uagb-countdown__time wp-block-uagb-countdown__time-minutes\">&#8211;<\/div><div class=\"wp-block-uagb-countdown__label\">MINUTOS<\/div><\/div><div class=\"wp-block-uagb-countdown__box wp-block-uagb-countdown__box-seconds\"><div role=\"timer\" aria-live=\"off\" class=\"wp-block-uagb-countdown__time wp-block-uagb-countdown__time-seconds\">&#8211;<\/div><div class=\"wp-block-uagb-countdown__label\">SEGUNDOS<\/div><\/div><\/div>\n<\/div>\n<\/div>\n<\/div>\n<\/div><\/div>\n\n\n\n<div class=\"wp-block-uagb-slider-child uagb-slider-child-wrap swiper-slide uagb-block-e5e6edd9\"><div class=\"swiper-content\">\n<div class=\"wp-block-uagb-container uagb-block-1a175667 default uagb-is-root-container\">\n<div class=\"wp-block-group is-nowrap is-layout-flex wp-container-core-group-is-layout-6c531013 wp-block-group-is-layout-flex\">\n<div class=\"wp-block-uagb-image aligncenter uagb-block-65b36c5f wp-block-uagb-image--layout-default wp-block-uagb-image--effect-static wp-block-uagb-image--align-center\"><figure class=\"wp-block-uagb-image__figure\"><img decoding=\"async\" srcset=\"https:\/\/observatorio.fundacionpiensa.cl\/wp-content\/uploads\/2025\/09\/plantilla-observatorio-regional-1-791x1024.jpg ,https:\/\/observatorio.fundacionpiensa.cl\/wp-content\/uploads\/2025\/09\/plantilla-observatorio-regional-1-scaled.jpg 780w, https:\/\/observatorio.fundacionpiensa.cl\/wp-content\/uploads\/2025\/09\/plantilla-observatorio-regional-1-scaled.jpg 360w\" sizes=\"auto, (max-width: 480px) 150px\" src=\"https:\/\/observatorio.fundacionpiensa.cl\/wp-content\/uploads\/2025\/09\/plantilla-observatorio-regional-1-791x1024.jpg\" alt=\"\" class=\"uag-image-106\" width=\"791\" height=\"1024\" title=\"plantilla observatorio regional (1)\" loading=\"lazy\" role=\"img\"\/><\/figure><\/div>\n\n\n\n<div class=\"wp-block-uagb-container uagb-block-785bc54e\">\n<div class=\"wp-block-uagb-info-box uagb-block-d9d864c4 uagb-infobox__content-wrap  uagb-infobox-icon-above-title uagb-infobox-image-valign-top\"><div class=\"uagb-ifb-content\"><div class=\"uagb-ifb-title-wrap\"><h3 class=\"uagb-ifb-title\">Bolet\u00edn N\u00ba 3<\/h3><\/div><p class=\"uagb-ifb-desc\">Revisa nuestro pr\u00f3ximo <strong>Bolet\u00edn de Salud<\/strong> este 20 de Noviembre.<\/p><div class=\"uagb-ifb-button-wrapper wp-block-button\"><a href=\"#\" class=\"uagb-infobox-cta-link wp-block-button__link\" target=\"_self\" rel=\"noopener noreferrer\" onclick=\"return false;\"><span class=\"uagb-inline-editing\">Descubre m\u00e1s<\/span><\/a><\/div><\/div><\/div>\n\n\n\n<div class=\"wp-block-uagb-countdown uagb-block-1ddf4e1c\"><div class=\"wp-block-uagb-countdown__box wp-block-uagb-countdown__box-days\"><div role=\"timer\" aria-live=\"off\" class=\"wp-block-uagb-countdown__time wp-block-uagb-countdown__time-days\">&#8211;<\/div><div class=\"wp-block-uagb-countdown__label\">D\u00cdAS<\/div><\/div><div class=\"wp-block-uagb-countdown__box wp-block-uagb-countdown__box-hours\"><div role=\"timer\" aria-live=\"off\" class=\"wp-block-uagb-countdown__time wp-block-uagb-countdown__time-hours\">&#8211;<\/div><div class=\"wp-block-uagb-countdown__label\">HORAS<\/div><\/div><div class=\"wp-block-uagb-countdown__box wp-block-uagb-countdown__box-minutes\"><div role=\"timer\" aria-live=\"off\" class=\"wp-block-uagb-countdown__time wp-block-uagb-countdown__time-minutes\">&#8211;<\/div><div class=\"wp-block-uagb-countdown__label\">MINUTOS<\/div><\/div><div class=\"wp-block-uagb-countdown__box wp-block-uagb-countdown__box-seconds\"><div role=\"timer\" aria-live=\"off\" class=\"wp-block-uagb-countdown__time wp-block-uagb-countdown__time-seconds\">&#8211;<\/div><div class=\"wp-block-uagb-countdown__label\">SEGUNDOS<\/div><\/div><\/div>\n<\/div>\n<\/div>\n<\/div>\n<\/div><\/div>\n<\/div><\/div><div class=\"swiper-pagination\"><\/div><div class=\"swiper-button-prev\"><\/div><div class=\"swiper-button-next\"><\/div><\/div>\n<\/div><\/div>\n\n\n\n<div class=\"wp-block-uagb-container uagb-block-d9908e4f alignfull uagb-is-root-container\"><div class=\"uagb-container-inner-blocks-wrap\">\n<div class=\"wp-block-uagb-info-box uagb-block-aaa31afa uagb-infobox__content-wrap  uagb-infobox-icon-above-title uagb-infobox-image-valign-top\"><div class=\"uagb-ifb-content\"><div class=\"uagb-ifb-title-wrap\"><h6 class=\"uagb-ifb-title-prefix\">\u00bfQu\u00e9 es p!ensa?<\/h6><h2 class=\"uagb-ifb-title\">Trabajamos para mejorar la calidad de vida en la Regi\u00f3n de Valpara\u00edso<\/h2><\/div><p class=\"uagb-ifb-desc\">Somos el <strong>primer centro de estudios regional e independiente<\/strong> del pa\u00eds.<br><br>Impulsamos el desarrollo local y la <strong>descentralizaci\u00f3n<\/strong> a trav\u00e9s de la elaboraci\u00f3n <br>y difusi\u00f3n de informaci\u00f3n confiable que sirva de base para la <strong>toma de decisiones<\/strong>.<br><br>Nuestro prop\u00f3sito es fomentar una <strong>mayor participaci\u00f3n ciudadana <\/strong>y promover <br>propuestas que contribuyan a <strong>mejorar la calidad de vida en las regiones<\/strong>.<\/p><div class=\"uagb-ifb-button-wrapper wp-block-button\"><a href=\"https:\/\/fundacionpiensa.cl\/\" class=\"uagb-infobox-cta-link wp-block-button__link\" target=\"_blank\" rel=\"noopener noreferrer\" onclick=\"return true;\"><span class=\"uagb-inline-editing\">Visita Nuestra Web<\/span><\/a><\/div><\/div><\/div>\n<\/div><\/div>\n","protected":false},"excerpt":{"rendered":"","protected":false},"author":1,"featured_media":0,"parent":0,"menu_order":0,"comment_status":"closed","ping_status":"closed","template":"","meta":{"_uag_custom_page_level_css":"","site-sidebar-layout":"default","site-content-layout":"","ast-site-content-layout":"default","site-content-style":"default","site-sidebar-style":"default","ast-global-header-display":"","ast-banner-title-visibility":"","ast-main-header-display":"","ast-hfb-above-header-display":"","ast-hfb-below-header-display":"","ast-hfb-mobile-header-display":"","site-post-title":"disabled","ast-breadcrumbs-content":"","ast-featured-img":"","footer-sml-layout":"","theme-transparent-header-meta":"","adv-header-id-meta":"","stick-header-meta":"","header-above-stick-meta":"","header-main-stick-meta":"","header-below-stick-meta":"","astra-migrate-meta-layouts":"default","ast-page-background-enabled":"default","ast-page-background-meta":{"desktop":{"background-color":"var(--ast-global-color-5)","background-image":"","background-repeat":"repeat","background-position":"center center","background-size":"auto","background-attachment":"scroll","background-type":"","background-media":"","overlay-type":"","overlay-color":"","overlay-opacity":"","overlay-gradient":""},"tablet":{"background-color":"","background-image":"","background-repeat":"repeat","background-position":"center center","background-size":"auto","background-attachment":"scroll","background-type":"","background-media":"","overlay-type":"","overlay-color":"","overlay-opacity":"","overlay-gradient":""},"mobile":{"background-color":"","background-image":"","background-repeat":"repeat","background-position":"center center","background-size":"auto","background-attachment":"scroll","background-type":"","background-media":"","overlay-type":"","overlay-color":"","overlay-opacity":"","overlay-gradient":""}},"ast-content-background-meta":{"desktop":{"background-color":"var(--ast-global-color-4)","background-image":"","background-repeat":"repeat","background-position":"center center","background-size":"auto","background-attachment":"scroll","background-type":"","background-media":"","overlay-type":"","overlay-color":"","overlay-opacity":"","overlay-gradient":""},"tablet":{"background-color":"var(--ast-global-color-4)","background-image":"","background-repeat":"repeat","background-position":"center center","background-size":"auto","background-attachment":"scroll","background-type":"","background-media":"","overlay-type":"","overlay-color":"","overlay-opacity":"","overlay-gradient":""},"mobile":{"background-color":"var(--ast-global-color-4)","background-image":"","background-repeat":"repeat","background-position":"center center","background-size":"auto","background-attachment":"scroll","background-type":"","background-media":"","overlay-type":"","overlay-color":"","overlay-opacity":"","overlay-gradient":""}},"footnotes":""},"class_list":["post-58","page","type-page","status-publish","hentry"],"uagb_featured_image_src":{"full":false,"thumbnail":false,"medium":false,"medium_large":false,"large":false,"1536x1536":false,"2048x2048":false},"uagb_author_info":{"display_name":"admin","author_link":"https:\/\/observatorio.fundacionpiensa.cl\/index.php\/author\/admin_n72padpo\/"},"uagb_comment_info":0,"uagb_excerpt":null,"_links":{"self":[{"href":"https:\/\/observatorio.fundacionpiensa.cl\/index.php\/wp-json\/wp\/v2\/pages\/58","targetHints":{"allow":["GET"]}}],"collection":[{"href":"https:\/\/observatorio.fundacionpiensa.cl\/index.php\/wp-json\/wp\/v2\/pages"}],"about":[{"href":"https:\/\/observatorio.fundacionpiensa.cl\/index.php\/wp-json\/wp\/v2\/types\/page"}],"author":[{"embeddable":true,"href":"https:\/\/observatorio.fundacionpiensa.cl\/index.php\/wp-json\/wp\/v2\/users\/1"}],"replies":[{"embeddable":true,"href":"https:\/\/observatorio.fundacionpiensa.cl\/index.php\/wp-json\/wp\/v2\/comments?post=58"}],"version-history":[{"count":35,"href":"https:\/\/observatorio.fundacionpiensa.cl\/index.php\/wp-json\/wp\/v2\/pages\/58\/revisions"}],"predecessor-version":[{"id":173,"href":"https:\/\/observatorio.fundacionpiensa.cl\/index.php\/wp-json\/wp\/v2\/pages\/58\/revisions\/173"}],"wp:attachment":[{"href":"https:\/\/observatorio.fundacionpiensa.cl\/index.php\/wp-json\/wp\/v2\/media?parent=58"}],"curies":[{"name":"wp","href":"https:\/\/api.w.org\/{rel}","templated":true}]}}